{"id":23,"date":"2025-08-04T01:58:52","date_gmt":"2025-08-04T01:58:52","guid":{"rendered":"https:\/\/gusevinfra.com\/?page_id=23"},"modified":"2025-08-04T03:16:27","modified_gmt":"2025-08-04T03:16:27","slug":"acerca-de","status":"publish","type":"page","link":"https:\/\/gusevinfra.com\/?page_id=23","title":{"rendered":"Acerca de"},"content":{"rendered":"\n<p> En GUSEV hacemos <strong>construcciones de ingenier\u00eda civil u obra pesada<\/strong> que implican el desarrollo de infraestructura a gran escala. Estas obras suelen estar relacionadas con el desarrollo urbano, transporte, energ\u00eda, saneamiento, y otras necesidades p\u00fablicas.<\/p>\n\n\n\n<p>Son <strong>proyectos de gran magnitud<\/strong> que requieren maquinaria pesada, gran cantidad de materiales, personal especializado y tiempo prolongado de ejecuci\u00f3n. Son fundamentales para el desarrollo econ\u00f3mico y social de un pa\u00eds<\/p>\n\n\n\n<h3 class=\"wp-block-heading\">\u2699\ufe0f <strong>Caracter\u00edsticas principales:<\/strong><\/h3>\n\n\n\n<ul class=\"wp-block-list\">\n<li>Gran escala y complejidad t\u00e9cnica<\/li>\n\n\n\n<li>Alto costo econ\u00f3mico<\/li>\n\n\n\n<li>Uso intensivo de maquinaria pesada (excavadoras, gr\u00faas, compactadoras, etc.)<\/li>\n\n\n\n<li>Intervenci\u00f3n de m\u00faltiples disciplinas (geotecnia, estructuras, hidr\u00e1ulica, transporte)<\/li>\n\n\n\n<li>Supervisi\u00f3n estricta y normativas t\u00e9cnicas rigurosas<\/li>\n<\/ul>\n\n\n\n<hr class=\"wp-block-separator has-alpha-channel-opacity\"\/>\n\n\n\n<h3 class=\"wp-block-heading\">\ud83e\uddf1 <strong>Fases t\u00edpicas del proceso constructivo:<\/strong><\/h3>\n\n\n\n<ol class=\"wp-block-list\">\n<li><strong>Estudios preliminares:<\/strong> topograf\u00eda, geotecnia, impacto ambiental<\/li>\n\n\n\n<li><strong>Dise\u00f1o y planeaci\u00f3n del proyecto<\/strong><\/li>\n\n\n\n<li><strong>Movimiento de tierras y cimentaci\u00f3n<\/strong><\/li>\n\n\n\n<li><strong>Ejecuci\u00f3n estructural<\/strong><\/li>\n\n\n\n<li><strong>Instalaciones y acabados (en caso de edificaciones)<\/strong><\/li>\n\n\n\n<li><strong>Puesta en marcha y operaci\u00f3n<\/strong><\/li>\n<\/ol>\n","protected":false},"excerpt":{"rendered":"<p>En GUSEV hacemos construcciones de ingenier\u00eda civil u obra pesada que implican el desarrollo de infraestructura a gran escala. Estas obras suelen estar relacionadas con el desarrollo urbano, transporte, energ\u00eda, saneamiento, y otras necesidades p\u00fablicas. Son proyectos de gran magnitud que requieren maquinaria pesada, gran cantidad de materiales, personal especializado y tiempo prolongado de ejecuci\u00f3n. [&hellip;]<\/p>\n","protected":false},"author":1,"featured_media":0,"parent":0,"menu_order":0,"comment_status":"closed","ping_status":"closed","template":"","meta":{"footnotes":""},"class_list":["post-23","page","type-page","status-publish","hentry"],"_links":{"self":[{"href":"https:\/\/gusevinfra.com\/index.php?rest_route=\/wp\/v2\/pages\/23","targetHints":{"allow":["GET"]}}],"collection":[{"href":"https:\/\/gusevinfra.com\/index.php?rest_route=\/wp\/v2\/pages"}],"about":[{"href":"https:\/\/gusevinfra.com\/index.php?rest_route=\/wp\/v2\/types\/page"}],"author":[{"embeddable":true,"href":"https:\/\/gusevinfra.com\/index.php?rest_route=\/wp\/v2\/users\/1"}],"replies":[{"embeddable":true,"href":"https:\/\/gusevinfra.com\/index.php?rest_route=%2Fwp%2Fv2%2Fcomments&post=23"}],"version-history":[{"count":3,"href":"https:\/\/gusevinfra.com\/index.php?rest_route=\/wp\/v2\/pages\/23\/revisions"}],"predecessor-version":[{"id":47,"href":"https:\/\/gusevinfra.com\/index.php?rest_route=\/wp\/v2\/pages\/23\/revisions\/47"}],"wp:attachment":[{"href":"https:\/\/gusevinfra.com\/index.php?rest_route=%2Fwp%2Fv2%2Fmedia&parent=23"}],"curies":[{"name":"wp","href":"https:\/\/api.w.org\/{rel}","templated":true}]}}